{"id":4365,"date":"2026-03-11T10:15:24","date_gmt":"2026-03-11T10:15:24","guid":{"rendered":"https:\/\/www.confianza-bienestar.com\/?page_id=4365"},"modified":"2026-03-20T17:18:55","modified_gmt":"2026-03-20T17:18:55","slug":"politica-de-cookies","status":"publish","type":"page","link":"https:\/\/www.confianza-bienestar.com\/ca\/politica-de-cookies\/","title":{"rendered":"Pol\u00edtica de cookies"},"content":{"rendered":"<style>\n  a.cky-banner-element {\n    padding: 8px 30px;\n    background: #f8f9fa;\n    color: #858a8f;\n    border: 1px solid #dee2e6;\n    box-sizing: border-box;\n    border-radius: 2px;\n    cursor: pointer\n  }\n<\/style>\n\n<div class=\"cookie-policy-date-container\">\n  <p>Fecha de entrada en vigor: 11 de marzo de 2026<\/p>\n  <p>\u00daltima actualizaci\u00f3n: 11 de marzo de 2026<\/p>\n<\/div>&nbsp;<h4>\u00bfQu\u00e9 son las cookies?<\/h4>\n<div class=\"cookie-policy-p\">\n  <p>Esta pol\u00edtica de cookies explica qu\u00e9 son las cookies, c\u00f3mo las usamos, los tipos de cookies que utilizamos (por ejemplo, la informaci\u00f3n que recopilamos al usar las cookies y c\u00f3mo se utiliza dicha informaci\u00f3n) y c\u00f3mo gestionar su configuraci\u00f3n de cookies.<\/p>\n  <p>Las cookies son peque\u00f1os archivos de texto que se utilizan para almacenar determinados elementos de informaci\u00f3n. Se almacenan en su dispositivo cuando un sitio web se carga en su navegador. Estas cookies ayudan a garantizar que el sitio web funcione correctamente, refuerzan la seguridad, ofrecen una mejor experiencia de usuario y analizan el rendimiento para identificar lo que funciona correctamente y lo que necesita mejoras.<\/p>\n<\/div>&nbsp;<h4>\u00bfC\u00f3mo usamos las cookies?<\/h4>\n<div class=\"cookie-policy-p\">\n  <p>Como la mayor\u00eda de los servicios en l\u00ednea, nuestro sitio web utiliza cookies propias y cookies de terceros para diversos prop\u00f3sitos. Las cookies propias son b\u00e1sicamente necesarias para que el sitio web funcione correctamente; no recopilan ning\u00fan dato personal identificable.<\/p>\n  <p>Las cookies de terceros que se utilizan en nuestro sitio web nos ayudan principalmente a comprender c\u00f3mo responde este; realizan un seguimiento de c\u00f3mo interact\u00faa usted con \u00e9l; protegen nuestros servicios; ofrecen publicidad de inter\u00e9s; y mejoran su experiencia de usuario en general, a la vez que optimizan la velocidad de sus interacciones posteriores en nuestro sitio web.<\/p>\n<\/div>&nbsp;<h4>Tipos de cookies que usamos<\/h4>\n<div class=\"cky-audit-table-element\"><\/div>&nbsp;<h4 style=\"margin-bottom: 20px\">Gestionar preferencias de cookies<\/h4><a class=\"cky-banner-element\">Prefer\u00e8ncies de consentiment<\/a><br \/>\n<div>\n  <p>Podr\u00e1 modificar su configuraci\u00f3n de cookies en cualquier momento haciendo clic en el bot\u00f3n Preferencias de consentimiento, situado en la parte superior. Esta opci\u00f3n le permitir\u00e1 volver a visitar el banner de consentimiento de cookies y actualizar sus preferencias, o bien retirar su consentimiento de inmediato.<\/p>\n  <p>Asimismo, los diferentes navegadores ofrecen varios m\u00e9todos para bloquear y eliminar las cookies que utilizan los sitios web. Puede modificar los ajustes de su navegador para bloquear o eliminar las cookies. A continuaci\u00f3n, se muestran enlaces a documentos de ayuda para saber c\u00f3mo gestionar y eliminar cookies en los principales navegadores web.<\/p>\n  <p>Chrome: <a target=\"_blank\" rel=\"noopener noreferrer\" href=\"https:\/\/support.google.com\/accounts\/answer\/32050\">https:\/\/support.google.com\/accounts\/answer\/32050<\/a><\/p>\n  <p>Safari: <a target=\"_blank\" rel=\"noopener noreferrer\" href=\"https:\/\/support.apple.com\/en-in\/guide\/safari\/sfri11471\/mac\">https:\/\/support.apple.com\/en-in\/guide\/safari\/sfri11471\/mac<\/a><\/p>\n  <p>Firefox: <a target=\"_blank\" rel=\"noopener noreferrer\" href=\"https:\/\/support.mozilla.org\/en-US\/kb\/clear-cookies-and-site-data-firefox?redirectslug=delete-cookies-remove-info-websites-stored&#038;redirectlocale=en-US\">https:\/\/support.mozilla.org\/en-US\/kb\/clear-cookies-and-site-data-firefox?redirectslug=delete-cookies-remove-info-websites-stored&#038;redirectlocale=en-US<\/a><\/p>\n  <p>Internet Explorer: <a target=\"_blank\" rel=\"noopener noreferrer\" href=\"https:\/\/support.microsoft.com\/en-us\/topic\/how-to-delete-cookie-files-in-internet-explorer-bca9446f-d873-78de-77ba-d42645fa52fc\">https:\/\/support.microsoft.com\/en-us\/topic\/how-to-delete-cookie-files-in-internet-explorer-bca9446f-d873-78de-77ba-d42645fa52fc<\/a><\/p>\n  <p>Si utiliza otro navegador web, consulte la documentaci\u00f3n oficial de ayuda de dicho navegador.<\/p>","protected":false},"excerpt":{"rendered":"<p>Fecha de entrada en vigor: 11 de marzo de 2026 \u00daltima actualizaci\u00f3n: 11 de marzo de 2026 &nbsp; \u00bfQu\u00e9 son las cookies? Esta pol\u00edtica de cookies explica qu\u00e9 son las cookies, c\u00f3mo las usamos, los tipos de cookies que utilizamos (por ejemplo, la informaci\u00f3n que recopilamos al usar las cookies y c\u00f3mo se utiliza dicha [&hellip;]<\/p>\n","protected":false},"author":2,"featured_media":0,"parent":0,"menu_order":0,"comment_status":"closed","ping_status":"closed","template":"","meta":{"site-sidebar-layout":"default","site-content-layout":"","ast-site-content-layout":"default","site-content-style":"default","site-sidebar-style":"default","ast-global-header-display":"","ast-banner-title-visibility":"","ast-main-header-display":"","ast-hfb-above-header-display":"","ast-hfb-below-header-display":"","ast-hfb-mobile-header-display":"","site-post-title":"","ast-breadcrumbs-content":"","ast-featured-img":"","footer-sml-layout":"","ast-disable-related-posts":"","theme-transparent-header-meta":"","adv-header-id-meta":"","stick-header-meta":"","header-above-stick-meta":"","header-main-stick-meta":"","header-below-stick-meta":"","astra-migrate-meta-layouts":"set","ast-page-background-enabled":"default","ast-page-background-meta":{"desktop":{"background-color":"","background-image":"","background-repeat":"repeat","background-position":"center center","background-size":"auto","background-attachment":"scroll","background-type":"","background-media":"","overlay-type":"","overlay-color":"","overlay-opacity":"","overlay-gradient":""},"tablet":{"background-color":"","background-image":"","background-repeat":"repeat","background-position":"center center","background-size":"auto","background-attachment":"scroll","background-type":"","background-media":"","overlay-type":"","overlay-color":"","overlay-opacity":"","overlay-gradient":""},"mobile":{"background-color":"","background-image":"","background-repeat":"repeat","background-position":"center center","background-size":"auto","background-attachment":"scroll","background-type":"","background-media":"","overlay-type":"","overlay-color":"","overlay-opacity":"","overlay-gradient":""}},"ast-content-background-meta":{"desktop":{"background-color":"var(--ast-global-color-5)","background-image":"","background-repeat":"repeat","background-position":"center center","background-size":"auto","background-attachment":"scroll","background-type":"","background-media":"","overlay-type":"","overlay-color":"","overlay-opacity":"","overlay-gradient":""},"tablet":{"background-color":"var(--ast-global-color-5)","background-image":"","background-repeat":"repeat","background-position":"center center","background-size":"auto","background-attachment":"scroll","background-type":"","background-media":"","overlay-type":"","overlay-color":"","overlay-opacity":"","overlay-gradient":""},"mobile":{"background-color":"var(--ast-global-color-5)","background-image":"","background-repeat":"repeat","background-position":"center center","background-size":"auto","background-attachment":"scroll","background-type":"","background-media":"","overlay-type":"","overlay-color":"","overlay-opacity":"","overlay-gradient":""}},"_joinchat":[],"footnotes":""},"class_list":["post-4365","page","type-page","status-publish","hentry"],"_links":{"self":[{"href":"https:\/\/www.confianza-bienestar.com\/ca\/wp-json\/wp\/v2\/pages\/4365","targetHints":{"allow":["GET"]}}],"collection":[{"href":"https:\/\/www.confianza-bienestar.com\/ca\/wp-json\/wp\/v2\/pages"}],"about":[{"href":"https:\/\/www.confianza-bienestar.com\/ca\/wp-json\/wp\/v2\/types\/page"}],"author":[{"embeddable":true,"href":"https:\/\/www.confianza-bienestar.com\/ca\/wp-json\/wp\/v2\/users\/2"}],"replies":[{"embeddable":true,"href":"https:\/\/www.confianza-bienestar.com\/ca\/wp-json\/wp\/v2\/comments?post=4365"}],"version-history":[{"count":1,"href":"https:\/\/www.confianza-bienestar.com\/ca\/wp-json\/wp\/v2\/pages\/4365\/revisions"}],"predecessor-version":[{"id":4369,"href":"https:\/\/www.confianza-bienestar.com\/ca\/wp-json\/wp\/v2\/pages\/4365\/revisions\/4369"}],"wp:attachment":[{"href":"https:\/\/www.confianza-bienestar.com\/ca\/wp-json\/wp\/v2\/media?parent=4365"}],"curies":[{"name":"wp","href":"https:\/\/api.w.org\/{rel}","templated":true}]}}