{"id":4349,"date":"2026-03-11T10:08:09","date_gmt":"2026-03-11T10:08:09","guid":{"rendered":"https:\/\/www.confianza-bienestar.com\/?page_id=4349"},"modified":"2026-03-11T10:09:38","modified_gmt":"2026-03-11T10:09:38","slug":"politica-de-privacidad","status":"publish","type":"page","link":"https:\/\/www.confianza-bienestar.com\/ca\/politica-de-privacidad\/","title":{"rendered":"Pol\u00edtica de privacitat"},"content":{"rendered":"<br><span>\u00daltima actualizaci\u00f3n: 11-Mar-2026<\/span>\n<br><span>Fecha de entrada en vigor: 11-Mar-2026<\/span>\n\n\n<p class=\"privacy-policy-p\">\n    Esta Pol\u00edtica de privacidad describe las pol\u00edticas de\n\n    Confian\u00e7a i Benestar S.L.,\n    Carrer d&#039;Amadeu de Savoia, 136, Terrassa,\n    Barcelona\n    08225,\n    Espa\u00f1a,\n    correo electr\u00f3nico: confianza.bienestar@gmail.com,\n    tel\u00e9fono: 931244620\n\n    sobre la recopilaci\u00f3n,\n    el uso y la divulgaci\u00f3n de su informaci\u00f3n que recopilamos\n    cuando utiliza nuestro sitio web ( https:\/\/www.confianza-bienestar.com\/politica-de-cookies ).\n    (el \u201cServicio\u201d). Al acceder o utilizar\n    el\n    Servicio, usted consiente la recopilaci\u00f3n, el uso y la\n    divulgaci\u00f3n de su informaci\u00f3n de conformidad con esta\n    Pol\u00edtica de privacidad. Si no est\u00e1 de acuerdo con ello,\n    no acceda ni utilice el Servicio.\n<\/p>\n\n<p class=\"privacy-policy-p\">\n    Podemos modificar esta Pol\u00edtica de privacidad en cualquier momento\n    sin previo aviso y publicaremos la versi\u00f3n revisada\n    de la Pol\u00edtica de privacidad en el Servicio. La pol\u00edtica revisada\n    entrar\u00e1 en vigor 180 d\u00edas despu\u00e9s de que la\n    pol\u00edtica revisada sea publicada en el Servicio y su\n    acceso o uso continuado del Servicio despu\u00e9s de ese momento\n    constituir\u00e1 su aceptaci\u00f3n de la Pol\u00edtica de privacidad\n    revisada. Por ello, le recomendamos que revise\n    peri\u00f3dicamente esta p\u00e1gina.\n<\/p>\n\n<h4 class=\"privacy-policy-h4\">\n    Informaci\u00f3n que recopilamos:\n<\/h4>\n\n<p class=\"privacy-policy-p\">\n    Recopilaremos y trataremos la siguiente\n    informaci\u00f3n personal sobre usted:\n<\/p>\n\n<p class=\"privacy-policy-p\">Nom<\/p>\n<p class=\"privacy-policy-p\">Correu electr\u00f2nic<\/p>\n<p class=\"privacy-policy-p\">M\u00f3vil<\/p>\n\n<h4 class=\"privacy-policy-h4\">\n    C\u00f3mo usamos su informaci\u00f3n:\n<\/h4>\n<p class=\"privacy-policy-p\">\n    Utilizaremos la informaci\u00f3n que recopilamos\n    sobre usted para los siguientes fines:\n<\/p>\n\n<p class=\"privacy-policy-p\">Marketing \/ Promocional<\/p>\n<p class=\"privacy-policy-p\">Testimonis<\/p>\n<p class=\"privacy-policy-p\">Recopilaci\u00f3n de opiniones de clientes<\/p>\n<p class=\"privacy-policy-p\">Soporte<\/p>\n<p class=\"privacy-policy-p\">Informaci\u00f3n administrativa<\/p>\n<p class=\"privacy-policy-p\">Publicidad dirigida<\/p>\n<p class=\"privacy-policy-p\">Protecci\u00f3n del sitio<\/p>\n<p class=\"privacy-policy-p\">Resoluci\u00f3n de conflictos<\/p>\n\n<p class=\"privacy-policy-p\">\n    Si queremos utilizar su informaci\u00f3n para cualquier otro\n    fin, le pediremos su consentimiento y\n    utilizaremos su informaci\u00f3n \u00fanicamente tras recibir su\n    consentimiento y, entonces, solo para el\/los fin(es)\n    para los que se otorgue dicho consentimiento, salvo que la ley\n    exija lo contrario.\n<\/p>\n\n<h4 class=\"privacy-policy-h4\">\n    C\u00f3mo compartimos su informaci\u00f3n:\n<\/h4>\n\n<p class=\"privacy-policy-p\">\n    No transferiremos su informaci\u00f3n personal\n    a ning\u00fan tercero sin solicitar su consentimiento,\n    salvo en circunstancias limitadas como se describe\n    a continuaci\u00f3n:\n<\/p>\n\n<p class=\"privacy-policy-p\">Servicio publicitario<\/p>\n<p class=\"privacy-policy-p\">Agencias de marketing<\/p>\n<p class=\"privacy-policy-p\">Entidades legales<\/p>\n<p class=\"privacy-policy-p\">Anal\u00edtica<\/p>\n<p class=\"privacy-policy-p\">Recopilaci\u00f3n y tratamiento de datos<\/p>\n\n<p class=\"privacy-policy-p\">\n    Exigimos a dichos terceros que utilicen la\n    informaci\u00f3n personal que les transferimos \u00fanicamente\n    para el prop\u00f3sito para el que fue transferida y\n    que no la conserven durante m\u00e1s tiempo del necesario para\n    cumplir dicho prop\u00f3sito.\n<\/p>\n<p class=\"privacy-policy-p\">\n    Tambi\u00e9n podremos divulgar su informaci\u00f3n personal\n    para lo siguiente: (1) cumplir con la legislaci\u00f3n,\n    normativa, orden judicial u otro proceso legal aplicable;\n    (2) hacer cumplir sus acuerdos con nosotros,\n    incluida esta Pol\u00edtica de privacidad; o (3) responder\n    a reclamaciones de que su uso del Servicio vulnera\n    derechos de terceros. Si el Servicio o nuestra\n    empresa se fusiona o es adquirida por otra\n    empresa, su informaci\u00f3n ser\u00e1 uno de los\n    activos que se transfieran al nuevo propietario.\n<\/p>\n\n<h4 class=\"privacy-policy-h4\">\n    Conservaci\u00f3n de su informaci\u00f3n:\n<\/h4>\n<p class=\"privacy-policy-p\">\n    Conservaremos su informaci\u00f3n personal con nosotros\n    durante\n    hasta 2 a\u00f1os\n    o durante el tiempo que sea necesario para cumplir los fines para\n    los que fue recopilada, tal como se detalla en esta\n    Pol\u00edtica de privacidad. Es posible que necesitemos conservar determinada\n    informaci\u00f3n durante periodos m\u00e1s largos, por ejemplo,\n    para el mantenimiento de registros \/ elaboraci\u00f3n de informes conforme a la\n    legislaci\u00f3n aplicable o por otras razones leg\u00edtimas\n    como la defensa de derechos legales, la prevenci\u00f3n del fraude,\n    etc. La informaci\u00f3n residual an\u00f3nima\n    y la informaci\u00f3n agregada, ninguna de las cuales\n    le identifica (directa o indirectamente), podr\u00e1n\n    conservarse indefinidamente.\n<\/p>\n\n<h4 class=\"privacy-policy-h4\">\n    Sus derechos:\n<\/h4>\n<p class=\"privacy-policy-p\">\n    Dependiendo de la legislaci\u00f3n aplicable, usted puede tener\n    derecho a acceder, rectificar o suprimir sus\n    datos personales, o a recibir una copia de sus datos personales,\n    restringir u oponerse al tratamiento activo\n    de sus datos, pedirnos que compartamos (portemos)\n    su informaci\u00f3n personal a otra entidad,\n    retirar cualquier consentimiento que nos haya dado para\n    tratar sus datos, derecho a presentar una reclamaci\u00f3n\n    ante una autoridad competente y otros derechos\n    que puedan corresponderle conforme a la legislaci\u00f3n aplicable. Para\n    ejercer estos derechos, puede escribirnos a\n    confianza.bienestar@gmail.com.\n    Responderemos a su\n    solicitud de conformidad con la legislaci\u00f3n aplicable.\n<\/p>\n\n<p class=\"privacy-policy-p\">\n    Tenga en cuenta que si no nos permite recopilar\n    o tratar la informaci\u00f3n personal requerida o\n    retira el consentimiento para tratarla para los\n    fines necesarios, es posible que no pueda acceder\n    o utilizar los servicios para los que se solicit\u00f3 su informaci\u00f3n.\n<\/p>\n\n<h4 class=\"privacy-policy-h4\">\n    Cookies, etc.\n<\/h4>\n<p class=\"privacy-policy-p\">\n    Para obtener m\u00e1s informaci\u00f3n sobre c\u00f3mo utilizamos estas\n    tecnolog\u00edas y sus opciones en relaci\u00f3n con estas\n    tecnolog\u00edas de seguimiento, consulte nuestra\n    <a href=\"https:\/\/www.confianza-bienestar.com\/ca\/politica-de-cookies\/\">Pol\u00edtica de cookies.<\/a>\n<\/p>\n\n<h4 class=\"privacy-policy-h4\">\n    Seguridad:\n<\/h4>\n<p class=\"privacy-policy-p\">\n    La seguridad de su informaci\u00f3n es importante para\n    nosotros y utilizaremos medidas de seguridad razonables\n    para evitar la p\u00e9rdida, el uso indebido o la alteraci\u00f3n\n    no autorizada de su informaci\u00f3n bajo nuestro\n    control. No obstante, dados los riesgos inherentes,\n    no podemos garantizar una seguridad absoluta y,\n    en consecuencia, no podemos asegurar ni garantizar la\n    seguridad de ninguna informaci\u00f3n que nos transmita,\n    y lo hace bajo su propia responsabilidad.\n<\/p>\n\n<h4 class=\"privacy-policy-h4\">\n    Enlaces de terceros y uso de su informaci\u00f3n:\n<\/h4>\n<p class=\"privacy-policy-p\">\n    Nuestro Servicio puede contener enlaces a otros sitios web\n    que no son gestionados por nosotros. Esta Pol\u00edtica de privacidad\n    no aborda la pol\u00edtica de privacidad ni otras\n    pr\u00e1cticas de terceros, incluido cualquier\n    tercero que gestione cualquier sitio web o servicio\n    al que se pueda acceder mediante un enlace en el\n    Servicio. Le recomendamos encarecidamente que revise la\n    pol\u00edtica de privacidad de cada sitio que visite. No tenemos\n    control sobre el contenido, las pol\u00edticas de privacidad\n    o las pr\u00e1cticas de sitios o servicios de terceros,\n    ni asumimos responsabilidad alguna por ellos.\n<\/p>\n\n<h4 class=\"privacy-policy-h4\">\n    Responsable de reclamaciones \/ Delegado de protecci\u00f3n de datos:\n<\/h4>\n<p class=\"privacy-policy-p\">\n    Si tiene alguna consulta o preocupaci\u00f3n sobre el\n    tratamiento de su informaci\u00f3n que est\u00e1 disponible\n    con nosotros, puede enviar un correo electr\u00f3nico a nuestro\n    Responsable de reclamaciones en\n    Confian\u00e7a i Benestar S.L.,\n    Carrer d&#039;Amadeu de Savoia, 136, Terrassa,\n    correo electr\u00f3nico: confianza.bienestar@gmail.com.\n    Atenderemos sus preocupaciones de conformidad con la legislaci\u00f3n aplicable.\n<\/p>","protected":false},"excerpt":{"rendered":"<p>\u00daltima actualizaci\u00f3n: 11-Mar-2026 Fecha de entrada en vigor: 11-Mar-2026 Esta Pol\u00edtica de privacidad describe las pol\u00edticas de Confian\u00e7a i Benestar S.L., Carrer d&#039;Amadeu de Savoia, 136, Terrassa, Barcelona 08225, Espa\u00f1a, correo electr\u00f3nico: confianza.bienestar@gmail.com, tel\u00e9fono: 931244620 sobre la recopilaci\u00f3n, el uso y la divulgaci\u00f3n de su informaci\u00f3n que recopilamos cuando utiliza nuestro sitio web ( https:\/\/www.confianza-bienestar.com\/politica-de-cookies [&hellip;]<\/p>\n","protected":false},"author":2,"featured_media":0,"parent":0,"menu_order":0,"comment_status":"closed","ping_status":"closed","template":"","meta":{"site-sidebar-layout":"default","site-content-layout":"","ast-site-content-layout":"default","site-content-style":"default","site-sidebar-style":"default","ast-global-header-display":"","ast-banner-title-visibility":"","ast-main-header-display":"","ast-hfb-above-header-display":"","ast-hfb-below-header-display":"","ast-hfb-mobile-header-display":"","site-post-title":"","ast-breadcrumbs-content":"","ast-featured-img":"","footer-sml-layout":"","ast-disable-related-posts":"","theme-transparent-header-meta":"","adv-header-id-meta":"","stick-header-meta":"","header-above-stick-meta":"","header-main-stick-meta":"","header-below-stick-meta":"","astra-migrate-meta-layouts":"set","ast-page-background-enabled":"default","ast-page-background-meta":{"desktop":{"background-color":"","background-image":"","background-repeat":"repeat","background-position":"center center","background-size":"auto","background-attachment":"scroll","background-type":"","background-media":"","overlay-type":"","overlay-color":"","overlay-opacity":"","overlay-gradient":""},"tablet":{"background-color":"","background-image":"","background-repeat":"repeat","background-position":"center center","background-size":"auto","background-attachment":"scroll","background-type":"","background-media":"","overlay-type":"","overlay-color":"","overlay-opacity":"","overlay-gradient":""},"mobile":{"background-color":"","background-image":"","background-repeat":"repeat","background-position":"center center","background-size":"auto","background-attachment":"scroll","background-type":"","background-media":"","overlay-type":"","overlay-color":"","overlay-opacity":"","overlay-gradient":""}},"ast-content-background-meta":{"desktop":{"background-color":"var(--ast-global-color-5)","background-image":"","background-repeat":"repeat","background-position":"center center","background-size":"auto","background-attachment":"scroll","background-type":"","background-media":"","overlay-type":"","overlay-color":"","overlay-opacity":"","overlay-gradient":""},"tablet":{"background-color":"var(--ast-global-color-5)","background-image":"","background-repeat":"repeat","background-position":"center center","background-size":"auto","background-attachment":"scroll","background-type":"","background-media":"","overlay-type":"","overlay-color":"","overlay-opacity":"","overlay-gradient":""},"mobile":{"background-color":"var(--ast-global-color-5)","background-image":"","background-repeat":"repeat","background-position":"center center","background-size":"auto","background-attachment":"scroll","background-type":"","background-media":"","overlay-type":"","overlay-color":"","overlay-opacity":"","overlay-gradient":""}},"_joinchat":[],"footnotes":""},"class_list":["post-4349","page","type-page","status-publish","hentry"],"_links":{"self":[{"href":"https:\/\/www.confianza-bienestar.com\/ca\/wp-json\/wp\/v2\/pages\/4349","targetHints":{"allow":["GET"]}}],"collection":[{"href":"https:\/\/www.confianza-bienestar.com\/ca\/wp-json\/wp\/v2\/pages"}],"about":[{"href":"https:\/\/www.confianza-bienestar.com\/ca\/wp-json\/wp\/v2\/types\/page"}],"author":[{"embeddable":true,"href":"https:\/\/www.confianza-bienestar.com\/ca\/wp-json\/wp\/v2\/users\/2"}],"replies":[{"embeddable":true,"href":"https:\/\/www.confianza-bienestar.com\/ca\/wp-json\/wp\/v2\/comments?post=4349"}],"version-history":[{"count":3,"href":"https:\/\/www.confianza-bienestar.com\/ca\/wp-json\/wp\/v2\/pages\/4349\/revisions"}],"predecessor-version":[{"id":4357,"href":"https:\/\/www.confianza-bienestar.com\/ca\/wp-json\/wp\/v2\/pages\/4349\/revisions\/4357"}],"wp:attachment":[{"href":"https:\/\/www.confianza-bienestar.com\/ca\/wp-json\/wp\/v2\/media?parent=4349"}],"curies":[{"name":"wp","href":"https:\/\/api.w.org\/{rel}","templated":true}]}}